{"id":2442,"date":"2020-03-11T11:03:55","date_gmt":"2020-03-11T11:03:55","guid":{"rendered":"https:\/\/newscentralcorp.com\/company\/"},"modified":"2024-07-24T15:51:54","modified_gmt":"2024-07-24T13:51:54","slug":"company","status":"publish","type":"page","link":"https:\/\/newscentralcorp.com\/en\/company\/","title":{"rendered":"Company"},"content":{"rendered":"<div data-elementor-type=\"wp-page\" data-elementor-id=\"2442\" class=\"elementor elementor-2442\" data-elementor-post-type=\"page\">\n\t\t\t\t<div class=\"elementor-element elementor-element-698e038 e-flex e-con-boxed e-con e-parent\" data-id=\"698e038\" data-element_type=\"container\" data-e-type=\"container\" data-settings=\"{&quot;background_background&quot;:&quot;classic&quot;}\">\n\t\t\t\t\t<div class=\"e-con-inner\">\n\t\t<div class=\"elementor-element elementor-element-d5fedbe e-con-full e-flex e-con e-child\" data-id=\"d5fedbe\" data-element_type=\"container\" data-e-type=\"container\">\n\t\t\t\t<div class=\"elementor-element elementor-element-3e14bd76 elementor-widget elementor-widget-heading\" data-id=\"3e14bd76\" data-element_type=\"widget\" data-e-type=\"widget\" data-widget_type=\"heading.default\">\n\t\t\t\t<div class=\"elementor-widget-container\">\n\t\t\t\t\t<h1 class=\"elementor-heading-title elementor-size-default\">Company<\/h1>\t\t\t\t<\/div>\n\t\t\t\t<\/div>\n\t\t\t\t<\/div>\n\t\t\t\t\t<\/div>\n\t\t\t\t<\/div>\n\t\t<div class=\"elementor-element elementor-element-bfea6bc e-flex e-con-boxed e-con e-parent\" data-id=\"bfea6bc\" data-element_type=\"container\" data-e-type=\"container\">\n\t\t\t\t\t<div class=\"e-con-inner\">\n\t\t\t\t<div class=\"elementor-element elementor-element-7e6ff2f elementor-widget elementor-widget-image\" data-id=\"7e6ff2f\" data-element_type=\"widget\" data-e-type=\"widget\" data-widget_type=\"image.default\">\n\t\t\t\t<div class=\"elementor-widget-container\">\n\t\t\t\t\t\t\t\t\t\t\t\t\t\t\t<img fetchpriority=\"high\" decoding=\"async\" width=\"795\" height=\"394\" src=\"https:\/\/newscentralcorp.com\/wp-content\/uploads\/2023\/04\/Neues-Logo-NCC-S.jpg\" class=\"attachment-full size-full wp-image-3887\" alt=\"\" srcset=\"https:\/\/newscentralcorp.com\/wp-content\/uploads\/2023\/04\/Neues-Logo-NCC-S.jpg 795w, https:\/\/newscentralcorp.com\/wp-content\/uploads\/2023\/04\/Neues-Logo-NCC-S-600x297.jpg 600w, https:\/\/newscentralcorp.com\/wp-content\/uploads\/2023\/04\/Neues-Logo-NCC-S-300x149.jpg 300w, https:\/\/newscentralcorp.com\/wp-content\/uploads\/2023\/04\/Neues-Logo-NCC-S-768x381.jpg 768w\" sizes=\"(max-width: 795px) 100vw, 795px\" \/>\t\t\t\t\t\t\t\t\t\t\t\t\t\t\t<\/div>\n\t\t\t\t<\/div>\n\t\t\t\t\t<\/div>\n\t\t\t\t<\/div>\n\t\t<div class=\"elementor-element elementor-element-009eec2 e-flex e-con-boxed e-con e-parent\" data-id=\"009eec2\" data-element_type=\"container\" data-e-type=\"container\">\n\t\t\t\t\t<div class=\"e-con-inner\">\n\t\t<div class=\"elementor-element elementor-element-4733f32 e-con-full e-flex e-con e-child\" data-id=\"4733f32\" data-element_type=\"container\" data-e-type=\"container\">\n\t\t\t\t<div class=\"elementor-element elementor-element-b834d58 elementor-widget elementor-widget-text-editor\" data-id=\"b834d58\" data-element_type=\"widget\" data-e-type=\"widget\" data-widget_type=\"text-editor.default\">\n\t\t\t\t<div class=\"elementor-widget-container\">\n\t\t\t\t\t\t\t\t\t<p>As an information sourcing company, we have made it our mission to give everyone the opportunity to access quality information that can make a valuable contribution to their own success.  A channel for sharing and easy access to market opportunities and discoveries not often available elsewhere.<\/p><p>Which developments and trends could give rise to new market opportunities?<\/p><p>Funds, real estate, economic products, cryptocurrencies, energy, the environment and much more.<\/p>\t\t\t\t\t\t\t\t<\/div>\n\t\t\t\t<\/div>\n\t\t\t\t<\/div>\n\t\t<div class=\"elementor-element elementor-element-397c5ef e-con-full e-flex e-con e-child\" data-id=\"397c5ef\" data-element_type=\"container\" data-e-type=\"container\">\n\t\t\t\t<div class=\"elementor-element elementor-element-f4f3013 elementor-widget elementor-widget-text-editor\" data-id=\"f4f3013\" data-element_type=\"widget\" data-e-type=\"widget\" data-widget_type=\"text-editor.default\">\n\t\t\t\t<div class=\"elementor-widget-container\">\n\t\t\t\t\t\t\t\t\t<p>On this website we want to provide you with information which can help you to take decisions. You will find news about financial products, energy, technology as well as many other segments.<br \/>But we also want to open doors, build bridges, expand networks and strengthen connections.<\/p><p>Our aim is to provide valuable information that can enhance the necessary knowledge and thus offer opportunities for a successful and fulfilling life.<\/p>\t\t\t\t\t\t\t\t<\/div>\n\t\t\t\t<\/div>\n\t\t\t\t<\/div>\n\t\t\t\t\t<\/div>\n\t\t\t\t<\/div>\n\t\t\t\t<\/div>","protected":false},"excerpt":{"rendered":"<p>Unternehmen Als Unternehmen im Bereich Beschaffung von Informationen, haben wir uns zur Aufgabe gemacht, jedem die M\u00f6glichkeit zu geben an Qualitative Informationen, zu kommen, die einen wertvollen Beitrag zum eignen Erfolg leisten k\u00f6nnen. Ein Kanal f\u00fcr das Verbreiten und der einfache Zugang zur Marketchancen und Entdeckungen, die man sonst selten erh\u00e4lt. Aus welchen Entwicklungen und [&hellip;]<\/p>\n","protected":false},"author":1,"featured_media":3310,"parent":0,"menu_order":20,"comment_status":"closed","ping_status":"closed","template":"","meta":{"footnotes":""},"class_list":["post-2442","page","type-page","status-publish","has-post-thumbnail","hentry"],"_links":{"self":[{"href":"https:\/\/newscentralcorp.com\/en\/wp-json\/wp\/v2\/pages\/2442","targetHints":{"allow":["GET"]}}],"collection":[{"href":"https:\/\/newscentralcorp.com\/en\/wp-json\/wp\/v2\/pages"}],"about":[{"href":"https:\/\/newscentralcorp.com\/en\/wp-json\/wp\/v2\/types\/page"}],"author":[{"embeddable":true,"href":"https:\/\/newscentralcorp.com\/en\/wp-json\/wp\/v2\/users\/1"}],"replies":[{"embeddable":true,"href":"https:\/\/newscentralcorp.com\/en\/wp-json\/wp\/v2\/comments?post=2442"}],"version-history":[{"count":140,"href":"https:\/\/newscentralcorp.com\/en\/wp-json\/wp\/v2\/pages\/2442\/revisions"}],"predecessor-version":[{"id":4922,"href":"https:\/\/newscentralcorp.com\/en\/wp-json\/wp\/v2\/pages\/2442\/revisions\/4922"}],"wp:featuredmedia":[{"embeddable":true,"href":"https:\/\/newscentralcorp.com\/en\/wp-json\/wp\/v2\/media\/3310"}],"wp:attachment":[{"href":"https:\/\/newscentralcorp.com\/en\/wp-json\/wp\/v2\/media?parent=2442"}],"curies":[{"name":"wp","href":"https:\/\/api.w.org\/{rel}","templated":true}]}}